{"id":681,"date":"2024-04-17T11:00:32","date_gmt":"2024-04-17T09:00:32","guid":{"rendered":"https:\/\/almohardwood.com\/?page_id=681"},"modified":"2024-04-24T14:28:38","modified_gmt":"2024-04-24T12:28:38","slug":"certification-and-environment","status":"publish","type":"page","link":"https:\/\/almohardwood.com\/en\/certification-and-environment\/","title":{"rendered":"Certification and Environment"},"content":{"rendered":"<p>[et_pb_section fb_built=&#8221;1&#8243; _builder_version=&#8221;4.16&#8243; use_background_color_gradient=&#8221;on&#8221; background_color_gradient_direction=&#8221;45deg&#8221; background_color_gradient_stops=&#8221;rgba(29,38,0,0.85) 0%|rgba(29,38,0,0) 100%&#8221; background_color_gradient_overlays_image=&#8221;on&#8221; background_color_gradient_start=&#8221;rgba(29,38,0,0.85)&#8221; background_color_gradient_end=&#8221;rgba(29,38,0,0)&#8221; background_image=&#8221;https:\/\/almohardwood.com\/wp-content\/uploads\/2021\/09\/about-subheader.jpg&#8221; custom_margin=&#8221;90px||||false|false&#8221; custom_padding=&#8221;3vw|0px|3vw|0px|true|false&#8221; global_colors_info=&#8221;{}&#8221;][et_pb_row _builder_version=&#8221;4.16&#8243; global_colors_info=&#8221;{}&#8221;][et_pb_column type=&#8221;4_4&#8243; _builder_version=&#8221;4.16&#8243; custom_padding=&#8221;|||&#8221; global_colors_info=&#8221;{}&#8221; custom_padding__hover=&#8221;|||&#8221;][et_pb_text _builder_version=&#8221;4.24.3&#8243; text_font=&#8221;||||||||&#8221; text_font_size=&#8221;18px&#8221; text_line_height=&#8221;2em&#8221; ul_font=&#8221;||||||||&#8221; ol_font=&#8221;||||||||&#8221; header_font=&#8221;Cormorant Garamond|700|||||||&#8221; header_font_size=&#8221;60px&#8221; header_line_height=&#8221;1.2em&#8221; header_2_font=&#8221;||||||||&#8221; header_3_font=&#8221;||||||||&#8221; header_4_font=&#8221;||||||||&#8221; header_5_font=&#8221;||||||||&#8221; header_6_font=&#8221;||||||||&#8221; text_orientation=&#8221;center&#8221; background_layout=&#8221;dark&#8221; max_width=&#8221;600px&#8221; module_alignment=&#8221;center&#8221; custom_margin=&#8221;|||&#8221; text_font_size_tablet=&#8221;&#8221; text_font_size_phone=&#8221;16px&#8221; text_font_size_last_edited=&#8221;on|phone&#8221; header_font_size_tablet=&#8221;50px&#8221; header_font_size_phone=&#8221;40px&#8221; header_font_size_last_edited=&#8221;on|phone&#8221; locked=&#8221;off&#8221; global_colors_info=&#8221;{}&#8221;]<\/p>\n<h1>Certification and Environment<\/h1>\n<p>[\/et_pb_text][\/et_pb_column][\/et_pb_row][\/et_pb_section][et_pb_section fb_built=&#8221;1&#8243; admin_label=&#8221;About&#8221; _builder_version=&#8221;4.16&#8243; background_image=&#8221;https:\/\/almohardwood.com\/wp-content\/uploads\/2021\/08\/gardener-03.png&#8221; background_size=&#8221;initial&#8221; background_position=&#8221;top_left&#8221; global_colors_info=&#8221;{}&#8221;][et_pb_row _builder_version=&#8221;4.24.2&#8243; custom_padding=&#8221;27px|0px|0|0px|false|false&#8221; locked=&#8221;off&#8221; global_colors_info=&#8221;{}&#8221;][et_pb_column type=&#8221;4_4&#8243; _builder_version=&#8221;4.16&#8243; custom_padding=&#8221;|||&#8221; global_colors_info=&#8221;{}&#8221; custom_padding__hover=&#8221;|||&#8221;][et_pb_text _builder_version=&#8221;4.24.3&#8243; text_font=&#8221;||||||||&#8221; text_font_size=&#8221;16px&#8221; text_line_height=&#8221;2em&#8221; header_font=&#8221;||||||||&#8221; header_3_font=&#8221;|700||on|||||&#8221; header_3_font_size=&#8221;20px&#8221; header_3_letter_spacing=&#8221;1px&#8221; header_3_line_height=&#8221;1.7em&#8221; text_font_size_tablet=&#8221;&#8221; text_font_size_phone=&#8221;14px&#8221; text_font_size_last_edited=&#8221;on|phone&#8221; locked=&#8221;off&#8221; global_colors_info=&#8221;{}&#8221;]<img loading=\"lazy\" decoding=\"async\" src=\"https:\/\/almohardwood.com\/wp-content\/uploads\/2024\/04\/cert.png\" width=\"149\" height=\"237\" alt=\"\" class=\"wp-image-674 alignright size-full\" \/>Almo Hardwood AB is certified through membership in the PanCert AB producer group certificate Chain of Custody for FSC-CoC<\/p>\n<ul>\n<li>PanCert AB PanCert &#8211; <a href=\"https:\/\/pancert.se\/\" target=\"_blank\" rel=\"noopener\">https:\/\/pancert.se<\/a><br \/>\nThe certificates can be seen here, where certificate codes are shown<\/li>\n<li>Group certificate CoC, link. <a href=\"https:\/\/pancert.se\/certifikat\/\" target=\"_blank\" rel=\"noopener\">https:\/\/pancert.se\/certifikat<\/a><\/li>\n<\/ul>\n<p>Information about the company&#8217;s validity of certification can be found in the respective certification database.<\/p>\n<ul>\n<li>FSC database, link. <a href=\"https:\/\/search.fsc.org\/en\/\" target=\"_blank\" rel=\"noopener\">https:\/\/search.fsc.org\/<\/a><\/li>\n<\/ul>\n<p>In the case of criticism of our Chain of Custody, please contact us at the company.<\/p>\n<ul>\n<li>Complaints about how Chain of custody is enforced, link. <a href=\"https:\/\/pancert.se\/klagomal\/\" target=\"_blank\" rel=\"noopener\">https:\/\/pancert.se\/klagomal\/<\/a><\/li>\n<\/ul>\n<h3>ENVIRONMENTAL POLICY<\/h3>\n<p>Almo Hardwood AB must, as a consumer of forest raw materials and with a wood processing industry, work to ensure that the business is conducted in as gentle a manner as possible, for the environment and for the employees.<\/p>\n<p>We must comply with current legislation and follow FSC requirements and intentions, and as far as possible make sure that the raw material does not come from illegal or unauthorized harvesting by the authorities, forest areas where traditional or civil rights are violated, forests where high conservation values are threatened, genetically engineered trees or natural forest that has been felled for the purpose of using the area for plantations or non-forest land use.<\/p>\n<p>Comply with the ILO&#8217;s core conventions regarding:<\/p>\n<ul>\n<li>Child labour<\/li>\n<li>Forced labour<\/li>\n<li>Discrimination in the workplace<\/li>\n<li>Join the union, and collective agreement<\/li>\n<\/ul>\n<p>The business must be conducted and improved in such a way that the possible negative impact on the environment is reduced.<\/p>\n<p>The raw material must, to the greatest possible extent, come from environmentally friendly certified forestry. We must work to increase this volume.<\/p>\n<p>We must responsibly fulfill our commitments to employees, society, the environment, and contractors.<\/p>\n<p>The staff must be trained and informed so that they can fulfill the above requirements and intentions.<\/p>\n<p>Peter Blom<\/p>\n<p>CEO \/ operationell manager[\/et_pb_text][\/et_pb_column][\/et_pb_row][\/et_pb_section]<\/p>\n","protected":false},"excerpt":{"rendered":"<p>Certification and EnvironmentAlmo Hardwood AB is certified through membership in the PanCert AB producer group certificate Chain of Custody for FSC-CoC PanCert AB PanCert &#8211; https:\/\/pancert.se The certificates can be seen here, where certificate codes are shown Group certificate CoC, link. https:\/\/pancert.se\/certifikat Information about the company&#8217;s validity of certification can be found in the respective [&hellip;]<\/p>\n","protected":false},"author":1,"featured_media":0,"parent":0,"menu_order":0,"comment_status":"closed","ping_status":"closed","template":"","meta":{"_et_pb_use_builder":"on","_et_pb_old_content":"[et_pb_section fb_built=\"1\" _builder_version=\"4.16\" use_background_color_gradient=\"on\" background_color_gradient_direction=\"45deg\" background_color_gradient_stops=\"rgba(29,38,0,0.85) 0%|rgba(29,38,0,0) 100%\" background_color_gradient_overlays_image=\"on\" background_color_gradient_start=\"rgba(29,38,0,0.85)\" background_color_gradient_end=\"rgba(29,38,0,0)\" background_image=\"https:\/\/almohardwood.com\/wp-content\/uploads\/2021\/09\/about-subheader.jpg\" custom_margin=\"90px||||false|false\" custom_padding=\"3vw|0px|3vw|0px|true|false\" global_colors_info=\"{}\"][et_pb_row _builder_version=\"4.16\" global_colors_info=\"{}\"][et_pb_column type=\"4_4\" _builder_version=\"4.16\" custom_padding=\"|||\" global_colors_info=\"{}\" custom_padding__hover=\"|||\"][et_pb_text _builder_version=\"4.24.2\" text_font=\"||||||||\" text_font_size=\"18px\" text_line_height=\"2em\" ul_font=\"||||||||\" ol_font=\"||||||||\" header_font=\"Cormorant Garamond|700|||||||\" header_font_size=\"60px\" header_line_height=\"1.2em\" header_2_font=\"||||||||\" header_3_font=\"||||||||\" header_4_font=\"||||||||\" header_5_font=\"||||||||\" header_6_font=\"||||||||\" text_orientation=\"center\" background_layout=\"dark\" max_width=\"600px\" module_alignment=\"center\" custom_margin=\"|||\" text_font_size_tablet=\"\" text_font_size_phone=\"16px\" text_font_size_last_edited=\"on|phone\" header_font_size_tablet=\"50px\" header_font_size_phone=\"40px\" header_font_size_last_edited=\"on|phone\" locked=\"off\" global_colors_info=\"{}\"]<h1>Certifiering och Milj\u00f6<\/h1>[\/et_pb_text][\/et_pb_column][\/et_pb_row][\/et_pb_section][et_pb_section fb_built=\"1\" admin_label=\"About\" _builder_version=\"4.16\" background_image=\"https:\/\/almohardwood.com\/wp-content\/uploads\/2021\/08\/gardener-03.png\" background_size=\"initial\" background_position=\"top_left\" global_colors_info=\"{}\"][et_pb_row _builder_version=\"4.24.2\" custom_padding=\"27px|0px|0|0px|false|false\" locked=\"off\" global_colors_info=\"{}\"][et_pb_column type=\"4_4\" _builder_version=\"4.16\" custom_padding=\"|||\" global_colors_info=\"{}\" custom_padding__hover=\"|||\"][et_pb_text _builder_version=\"4.24.2\" text_font=\"||||||||\" text_font_size=\"16px\" text_line_height=\"2em\" header_font=\"||||||||\" header_3_font=\"|700||on|||||\" header_3_font_size=\"20px\" header_3_letter_spacing=\"1px\" header_3_line_height=\"1.7em\" text_font_size_tablet=\"\" text_font_size_phone=\"14px\" text_font_size_last_edited=\"on|phone\" locked=\"off\" global_colors_info=\"{}\"]<p><img src=\"https:\/\/almohardwood.com\/wp-content\/uploads\/2024\/04\/cert.png\" width=\"149\" height=\"237\" alt=\"\" class=\"wp-image-674 alignright size-full\" \/>Almo Hardwood AB \u00e4r certifierat genom medlemskap i PanCert AB grupp f\u00f6r sp\u00e5rbarhet f\u00f6r<br \/>FSC-CoC<\/p>\r\n<ul>\r\n<li>PanCert AB <a href=\"https:\/\/pancert.se\/\" target=\"_blank\" rel=\"noopener\">https:\/\/pancert.se<\/a><br \/>Certifikaten kan ses h\u00e4r, d\u00e4r certifikatskoder framg\u00e5r.<\/li>\r\n<li>Gruppcertifikat CoC Sp\u00e5rbarhet <a href=\"https:\/\/pancert.se\/certifikat\/\" target=\"_blank\" rel=\"noopener\">https:\/\/pancert.se\/certifikat<\/a><\/li>\r\n<\/ul>\r\n<p>Uppgifter om f\u00f6retagets giltighet om certifiering kan ni finna i respektive databas om certifiering<\/p>\r\n<ul>\r\n<li>PEFC databas <a href=\"https:\/\/pefc.se\/sok-certifierade-foretag\" target=\"_blank\" rel=\"noopener\">https:\/\/pefc.se\/sok-certifierade-foretag<\/a><\/li>\r\n<li>FSC databas <a href=\"https:\/\/search.fsc.org\/en\/\" target=\"_blank\" rel=\"noopener\">https:\/\/search.fsc.org\/<\/a><\/li>\r\n<\/ul>\r\n<p>Om kritik mot v\u00e5r sp\u00e5rbarhet ber vi er v\u00e4nligen att kontakta oss p\u00e5 f\u00f6retaget<\/p>\r\n<ul>\r\n<li>Klagom\u00e5l p\u00e5 hur sp\u00e5rbarheten efterlevs <a href=\"https:\/\/pancert.se\/klagomal\/\" target=\"_blank\" rel=\"noopener\">https:\/\/pancert.se\/klagomal\/<\/a><\/li>\r\n<\/ul>\r\n<h3>MILJ\u00d6POLICY<\/h3>\r\n<p>Almo Hardwood AB skall som f\u00f6rbrukare av skoglig r\u00e5vara och med tr\u00e4f\u00f6r\u00e4dlande industri verka f\u00f6r att verksamheten bedrivs p\u00e5 ett s\u00e5 skonsamt s\u00e4tt som m\u00f6jligt, f\u00f6r milj\u00f6n och f\u00f6r de anst\u00e4llda.<\/p>\r\n<p>Vi skall uppfylla g\u00e4llande lagstiftning samt f\u00f6lja PEFC och FSC-krav och intentioner, och s\u00e5 l\u00e5ngt m\u00f6jligt f\u00f6rvissa oss om att r\u00e5varan ej kommer fr\u00e5n olaglig eller av myndigheter icke auktoriserad avverkning, skogsomr\u00e5den d\u00e4r h\u00e4vdvunna eller medborgerliga r\u00e4ttigheter kr\u00e4nks, skogar d\u00e4r h\u00f6ga bevarandev\u00e4rden \u00e4r hotade, genmanipulerade tr\u00e4d eller naturskog som har avverkats i syfte att nyttja omr\u00e5det f\u00f6r plantager eller icke skoglig markanv\u00e4ndning.<\/p>\r\n<p>F\u00f6lja ILO:s k\u00e4rnkonventioner g\u00e4llande:<\/p>\r\n<ul>\r\n<li>Barnarbete<\/li>\r\n<li>Tv\u00e5ngsarbete<\/li>\r\n<li>Diskriminering p\u00e5 arbetsplatsen<\/li>\r\n<li>Ansluta sig till facket, och kollektivavtal<\/li>\r\n<\/ul>\r\n<p>Verksamheten skall bedrivas och f\u00f6rb\u00e4ttras p\u00e5 ett s\u00e5dant s\u00e4tt att den eventuella negativa p\u00e5verkan p\u00e5 milj\u00f6n minskar.<\/p>\r\n<p>R\u00e5varan skall till st\u00f6rsta m\u00f6jliga andel komma fr\u00e5n ett milj\u00f6anpassat certifierat skogsbruk. Vi skall verka f\u00f6r att denna volym \u00f6kar.<\/p>\r\n<p>Vi skall p\u00e5 ett ansvarsfullt s\u00e4tt fullg\u00f6ra v\u00e5ra \u00e5tagande mot anst\u00e4llda, samh\u00e4lle, milj\u00f6, och uppdragstagare.<\/p>\r\n<p>Personalen skall utbildas och informeras s\u00e5 att den kan uppfylla ovanst\u00e5ende krav och intentioner.<\/p>\r\n<p>Peter Blom<\/p>\r\n<p>Vd \/ verksamhetsansvarig<\/p>[\/et_pb_text][et_pb_button button_url=\"https:\/\/almohardwood.com\/wp-content\/uploads\/2024\/04\/Certifiering-och-Miljo-240415.docx\" url_new_window=\"on\" button_text=\"Milj\u00f6policy\" _builder_version=\"4.24.2\" _module_preset=\"default\" custom_button=\"on\" button_text_size=\"16px\" button_bg_color=\"#38644d\" button_border_width=\"0px\" button_border_radius=\"0px\" button_letter_spacing=\"2px\" button_font=\"|700||on|||||\" button_icon=\"$||divi||400\" background_layout=\"dark\" custom_margin=\"|||\" custom_margin_tablet=\"||70px|\" custom_margin_phone=\"||70px|\" custom_margin_last_edited=\"on|phone\" custom_padding=\"16px|40px|16px|40px|true|true\" global_colors_info=\"{}\"][\/et_pb_button][\/et_pb_column][\/et_pb_row][\/et_pb_section]","_et_gb_content_width":"","footnotes":""},"class_list":["post-681","page","type-page","status-publish","hentry"],"yoast_head":"<!-- This site is optimized with the Yoast SEO plugin v27.5 - https:\/\/yoast.com\/product\/yoast-seo-wordpress\/ -->\n<title>Certification and Environment - Almo Hardwood AB<\/title>\n<meta name=\"robots\" content=\"index, follow, max-snippet:-1, max-image-preview:large, max-video-preview:-1\" \/>\n<link rel=\"canonical\" href=\"https:\/\/almohardwood.com\/en\/certification-and-environment\/\" \/>\n<meta property=\"og:locale\" content=\"en_US\" \/>\n<meta property=\"og:type\" content=\"article\" \/>\n<meta property=\"og:title\" content=\"Certification and Environment - Almo Hardwood AB\" \/>\n<meta property=\"og:description\" content=\"Certification and EnvironmentAlmo Hardwood AB is certified through membership in the PanCert AB producer group certificate Chain of Custody for FSC-CoC PanCert AB PanCert - https:\/\/pancert.se The certificates can be seen here, where certificate codes are shown Group certificate CoC, link. https:\/\/pancert.se\/certifikat Information about the company&#039;s validity of certification can be found in the respective [&hellip;]\" \/>\n<meta property=\"og:url\" content=\"https:\/\/almohardwood.com\/en\/certification-and-environment\/\" \/>\n<meta property=\"og:site_name\" content=\"Almo Hardwood AB\" \/>\n<meta property=\"article:modified_time\" content=\"2024-04-24T12:28:38+00:00\" \/>\n<meta property=\"og:image\" content=\"https:\/\/almohardwood.com\/wp-content\/uploads\/2024\/04\/cert.png\" \/>\n<meta name=\"twitter:card\" content=\"summary_large_image\" \/>\n<meta name=\"twitter:label1\" content=\"Est. reading time\" \/>\n\t<meta name=\"twitter:data1\" content=\"2 minutes\" \/>\n<script type=\"application\/ld+json\" class=\"yoast-schema-graph\">{\"@context\":\"https:\\\/\\\/schema.org\",\"@graph\":[{\"@type\":\"WebPage\",\"@id\":\"https:\\\/\\\/almohardwood.com\\\/en\\\/certification-and-environment\\\/\",\"url\":\"https:\\\/\\\/almohardwood.com\\\/en\\\/certification-and-environment\\\/\",\"name\":\"Certification and Environment - Almo Hardwood AB\",\"isPartOf\":{\"@id\":\"https:\\\/\\\/almohardwood.com\\\/#website\"},\"primaryImageOfPage\":{\"@id\":\"https:\\\/\\\/almohardwood.com\\\/en\\\/certification-and-environment\\\/#primaryimage\"},\"image\":{\"@id\":\"https:\\\/\\\/almohardwood.com\\\/en\\\/certification-and-environment\\\/#primaryimage\"},\"thumbnailUrl\":\"https:\\\/\\\/almohardwood.com\\\/wp-content\\\/uploads\\\/2024\\\/04\\\/cert.png\",\"datePublished\":\"2024-04-17T09:00:32+00:00\",\"dateModified\":\"2024-04-24T12:28:38+00:00\",\"breadcrumb\":{\"@id\":\"https:\\\/\\\/almohardwood.com\\\/en\\\/certification-and-environment\\\/#breadcrumb\"},\"inLanguage\":\"en-US\",\"potentialAction\":[{\"@type\":\"ReadAction\",\"target\":[\"https:\\\/\\\/almohardwood.com\\\/en\\\/certification-and-environment\\\/\"]}]},{\"@type\":\"ImageObject\",\"inLanguage\":\"en-US\",\"@id\":\"https:\\\/\\\/almohardwood.com\\\/en\\\/certification-and-environment\\\/#primaryimage\",\"url\":\"https:\\\/\\\/almohardwood.com\\\/wp-content\\\/uploads\\\/2024\\\/04\\\/cert.png\",\"contentUrl\":\"https:\\\/\\\/almohardwood.com\\\/wp-content\\\/uploads\\\/2024\\\/04\\\/cert.png\"},{\"@type\":\"BreadcrumbList\",\"@id\":\"https:\\\/\\\/almohardwood.com\\\/en\\\/certification-and-environment\\\/#breadcrumb\",\"itemListElement\":[{\"@type\":\"ListItem\",\"position\":1,\"name\":\"Hem\",\"item\":\"https:\\\/\\\/almohardwood.com\\\/en\\\/home\\\/\"},{\"@type\":\"ListItem\",\"position\":2,\"name\":\"Certification and Environment\"}]},{\"@type\":\"WebSite\",\"@id\":\"https:\\\/\\\/almohardwood.com\\\/#website\",\"url\":\"https:\\\/\\\/almohardwood.com\\\/\",\"name\":\"Almo Hardwood AB\",\"description\":\"\",\"publisher\":{\"@id\":\"https:\\\/\\\/almohardwood.com\\\/#organization\"},\"potentialAction\":[{\"@type\":\"SearchAction\",\"target\":{\"@type\":\"EntryPoint\",\"urlTemplate\":\"https:\\\/\\\/almohardwood.com\\\/?s={search_term_string}\"},\"query-input\":{\"@type\":\"PropertyValueSpecification\",\"valueRequired\":true,\"valueName\":\"search_term_string\"}}],\"inLanguage\":\"en-US\"},{\"@type\":\"Organization\",\"@id\":\"https:\\\/\\\/almohardwood.com\\\/#organization\",\"name\":\"Almo Hardwood\",\"url\":\"https:\\\/\\\/almohardwood.com\\\/\",\"logo\":{\"@type\":\"ImageObject\",\"inLanguage\":\"en-US\",\"@id\":\"https:\\\/\\\/almohardwood.com\\\/#\\\/schema\\\/logo\\\/image\\\/\",\"url\":\"https:\\\/\\\/almohardwood.com\\\/wp-content\\\/uploads\\\/2021\\\/08\\\/almo-logo.png\",\"contentUrl\":\"https:\\\/\\\/almohardwood.com\\\/wp-content\\\/uploads\\\/2021\\\/08\\\/almo-logo.png\",\"width\":259,\"height\":112,\"caption\":\"Almo Hardwood\"},\"image\":{\"@id\":\"https:\\\/\\\/almohardwood.com\\\/#\\\/schema\\\/logo\\\/image\\\/\"}}]}<\/script>\n<!-- \/ Yoast SEO plugin. -->","yoast_head_json":{"title":"Certification and Environment - Almo Hardwood AB","robots":{"index":"index","follow":"follow","max-snippet":"max-snippet:-1","max-image-preview":"max-image-preview:large","max-video-preview":"max-video-preview:-1"},"canonical":"https:\/\/almohardwood.com\/en\/certification-and-environment\/","og_locale":"en_US","og_type":"article","og_title":"Certification and Environment - Almo Hardwood AB","og_description":"Certification and EnvironmentAlmo Hardwood AB is certified through membership in the PanCert AB producer group certificate Chain of Custody for FSC-CoC PanCert AB PanCert - https:\/\/pancert.se The certificates can be seen here, where certificate codes are shown Group certificate CoC, link. https:\/\/pancert.se\/certifikat Information about the company's validity of certification can be found in the respective [&hellip;]","og_url":"https:\/\/almohardwood.com\/en\/certification-and-environment\/","og_site_name":"Almo Hardwood AB","article_modified_time":"2024-04-24T12:28:38+00:00","og_image":[{"url":"https:\/\/almohardwood.com\/wp-content\/uploads\/2024\/04\/cert.png","type":"","width":"","height":""}],"twitter_card":"summary_large_image","twitter_misc":{"Est. reading time":"2 minutes"},"schema":{"@context":"https:\/\/schema.org","@graph":[{"@type":"WebPage","@id":"https:\/\/almohardwood.com\/en\/certification-and-environment\/","url":"https:\/\/almohardwood.com\/en\/certification-and-environment\/","name":"Certification and Environment - Almo Hardwood AB","isPartOf":{"@id":"https:\/\/almohardwood.com\/#website"},"primaryImageOfPage":{"@id":"https:\/\/almohardwood.com\/en\/certification-and-environment\/#primaryimage"},"image":{"@id":"https:\/\/almohardwood.com\/en\/certification-and-environment\/#primaryimage"},"thumbnailUrl":"https:\/\/almohardwood.com\/wp-content\/uploads\/2024\/04\/cert.png","datePublished":"2024-04-17T09:00:32+00:00","dateModified":"2024-04-24T12:28:38+00:00","breadcrumb":{"@id":"https:\/\/almohardwood.com\/en\/certification-and-environment\/#breadcrumb"},"inLanguage":"en-US","potentialAction":[{"@type":"ReadAction","target":["https:\/\/almohardwood.com\/en\/certification-and-environment\/"]}]},{"@type":"ImageObject","inLanguage":"en-US","@id":"https:\/\/almohardwood.com\/en\/certification-and-environment\/#primaryimage","url":"https:\/\/almohardwood.com\/wp-content\/uploads\/2024\/04\/cert.png","contentUrl":"https:\/\/almohardwood.com\/wp-content\/uploads\/2024\/04\/cert.png"},{"@type":"BreadcrumbList","@id":"https:\/\/almohardwood.com\/en\/certification-and-environment\/#breadcrumb","itemListElement":[{"@type":"ListItem","position":1,"name":"Hem","item":"https:\/\/almohardwood.com\/en\/home\/"},{"@type":"ListItem","position":2,"name":"Certification and Environment"}]},{"@type":"WebSite","@id":"https:\/\/almohardwood.com\/#website","url":"https:\/\/almohardwood.com\/","name":"Almo Hardwood AB","description":"","publisher":{"@id":"https:\/\/almohardwood.com\/#organization"},"potentialAction":[{"@type":"SearchAction","target":{"@type":"EntryPoint","urlTemplate":"https:\/\/almohardwood.com\/?s={search_term_string}"},"query-input":{"@type":"PropertyValueSpecification","valueRequired":true,"valueName":"search_term_string"}}],"inLanguage":"en-US"},{"@type":"Organization","@id":"https:\/\/almohardwood.com\/#organization","name":"Almo Hardwood","url":"https:\/\/almohardwood.com\/","logo":{"@type":"ImageObject","inLanguage":"en-US","@id":"https:\/\/almohardwood.com\/#\/schema\/logo\/image\/","url":"https:\/\/almohardwood.com\/wp-content\/uploads\/2021\/08\/almo-logo.png","contentUrl":"https:\/\/almohardwood.com\/wp-content\/uploads\/2021\/08\/almo-logo.png","width":259,"height":112,"caption":"Almo Hardwood"},"image":{"@id":"https:\/\/almohardwood.com\/#\/schema\/logo\/image\/"}}]}},"_links":{"self":[{"href":"https:\/\/almohardwood.com\/en\/wp-json\/wp\/v2\/pages\/681","targetHints":{"allow":["GET"]}}],"collection":[{"href":"https:\/\/almohardwood.com\/en\/wp-json\/wp\/v2\/pages"}],"about":[{"href":"https:\/\/almohardwood.com\/en\/wp-json\/wp\/v2\/types\/page"}],"author":[{"embeddable":true,"href":"https:\/\/almohardwood.com\/en\/wp-json\/wp\/v2\/users\/1"}],"replies":[{"embeddable":true,"href":"https:\/\/almohardwood.com\/en\/wp-json\/wp\/v2\/comments?post=681"}],"version-history":[{"count":6,"href":"https:\/\/almohardwood.com\/en\/wp-json\/wp\/v2\/pages\/681\/revisions"}],"predecessor-version":[{"id":691,"href":"https:\/\/almohardwood.com\/en\/wp-json\/wp\/v2\/pages\/681\/revisions\/691"}],"wp:attachment":[{"href":"https:\/\/almohardwood.com\/en\/wp-json\/wp\/v2\/media?parent=681"}],"curies":[{"name":"wp","href":"https:\/\/api.w.org\/{rel}","templated":true}]}}