{"id":407,"date":"2021-11-15T14:19:37","date_gmt":"2021-11-15T13:19:37","guid":{"rendered":"http:\/\/develop.visionmedia.nu\/almohardwood\/company\/"},"modified":"2024-03-04T08:22:13","modified_gmt":"2024-03-04T07:22:13","slug":"company","status":"publish","type":"page","link":"https:\/\/almohardwood.com\/en\/company\/","title":{"rendered":"Company"},"content":{"rendered":"<p>[et_pb_section fb_built=&#8221;1&#8243; _builder_version=&#8221;4.16&#8243; use_background_color_gradient=&#8221;on&#8221; background_color_gradient_direction=&#8221;45deg&#8221; background_color_gradient_stops=&#8221;rgba(29,38,0,0.85) 0%|rgba(29,38,0,0) 100%&#8221; background_color_gradient_overlays_image=&#8221;on&#8221; background_color_gradient_start=&#8221;rgba(29,38,0,0.85)&#8221; background_color_gradient_end=&#8221;rgba(29,38,0,0)&#8221; background_image=&#8221;https:\/\/almohardwood.com\/wp-content\/uploads\/2021\/09\/about-subheader.jpg&#8221; custom_margin=&#8221;90px||||false|false&#8221; custom_padding=&#8221;3vw|0px|3vw|0px|true|false&#8221; global_colors_info=&#8221;{}&#8221;][et_pb_row _builder_version=&#8221;4.16&#8243; global_colors_info=&#8221;{}&#8221;][et_pb_column type=&#8221;4_4&#8243; _builder_version=&#8221;4.16&#8243; custom_padding=&#8221;|||&#8221; global_colors_info=&#8221;{}&#8221; custom_padding__hover=&#8221;|||&#8221;][et_pb_text _builder_version=&#8221;4.16&#8243; text_font=&#8221;||||||||&#8221; text_font_size=&#8221;18px&#8221; text_line_height=&#8221;2em&#8221; ul_font=&#8221;||||||||&#8221; ol_font=&#8221;||||||||&#8221; header_font=&#8221;Cormorant Garamond|700|||||||&#8221; header_font_size=&#8221;60px&#8221; header_line_height=&#8221;1.2em&#8221; header_2_font=&#8221;||||||||&#8221; header_3_font=&#8221;||||||||&#8221; header_4_font=&#8221;||||||||&#8221; header_5_font=&#8221;||||||||&#8221; header_6_font=&#8221;||||||||&#8221; text_orientation=&#8221;center&#8221; background_layout=&#8221;dark&#8221; max_width=&#8221;600px&#8221; module_alignment=&#8221;center&#8221; custom_margin=&#8221;|||&#8221; text_font_size_tablet=&#8221;&#8221; text_font_size_phone=&#8221;16px&#8221; text_font_size_last_edited=&#8221;on|phone&#8221; header_font_size_tablet=&#8221;50px&#8221; header_font_size_phone=&#8221;40px&#8221; header_font_size_last_edited=&#8221;on|phone&#8221; locked=&#8221;off&#8221; global_colors_info=&#8221;{}&#8221;]<\/p>\n<h1>Company<\/h1>\n<p>[\/et_pb_text][\/et_pb_column][\/et_pb_row][\/et_pb_section][et_pb_section fb_built=&#8221;1&#8243; admin_label=&#8221;About&#8221; _builder_version=&#8221;4.16&#8243; background_image=&#8221;https:\/\/almohardwood.com\/wp-content\/uploads\/2021\/08\/gardener-03.png&#8221; background_size=&#8221;initial&#8221; background_position=&#8221;top_left&#8221; global_colors_info=&#8221;{}&#8221;][et_pb_row column_structure=&#8221;1_2,1_2&#8243; _builder_version=&#8221;4.16&#8243; custom_padding=&#8221;27px|0px|0|0px|false|false&#8221; locked=&#8221;off&#8221; global_colors_info=&#8221;{}&#8221;][et_pb_column type=&#8221;1_2&#8243; _builder_version=&#8221;4.16&#8243; custom_padding=&#8221;|||&#8221; global_colors_info=&#8221;{}&#8221; custom_padding__hover=&#8221;|||&#8221;][et_pb_text _builder_version=&#8221;4.17.0&#8243; text_font=&#8221;||||||||&#8221; text_font_size=&#8221;16px&#8221; text_line_height=&#8221;2em&#8221; header_font=&#8221;||||||||&#8221; header_3_font=&#8221;|700||on|||||&#8221; header_3_font_size=&#8221;20px&#8221; header_3_letter_spacing=&#8221;1px&#8221; header_3_line_height=&#8221;1.7em&#8221; text_font_size_tablet=&#8221;&#8221; text_font_size_phone=&#8221;14px&#8221; text_font_size_last_edited=&#8221;on|phone&#8221; locked=&#8221;off&#8221; global_colors_info=&#8221;{}&#8221;]<\/p>\n<h3>ALMO HARDWOOD AB, SWEDEN<\/h3>\n<p>The company started in 1950 in the small town of \u00d6sterbymo, in southern \u00d6sterg\u00f6tland, by \u00c5ke Blom, the current owner\u2019s father. From the beginning, the name was Blom\u2019s Saw. In the 1960s, a focus of production on hardwood products began. Then in the form of unedged, sawn timber that was largely sold to local furniture factories. During the 1990s, a production of hardwood products was established in Latvia and in connection with that, the name was changed to Almo Hardwood AB. The business has since developed into production and sale of hardwood products in Latvia and trade of hardwood in Sweden.[\/et_pb_text][et_pb_button button_url=&#8221;https:\/\/almohardwood.com\/wp-content\/uploads\/2024\/02\/Miljopolicy-signed-230308-ENG.pdf&#8221; url_new_window=&#8221;on&#8221; button_text=&#8221;Environmental policy&#8221; _builder_version=&#8221;4.24.2&#8243; _module_preset=&#8221;default&#8221; custom_button=&#8221;on&#8221; button_text_size=&#8221;16px&#8221; button_bg_color=&#8221;#38644d&#8221; button_border_width=&#8221;0px&#8221; button_border_radius=&#8221;0px&#8221; button_letter_spacing=&#8221;2px&#8221; button_font=&#8221;|700||on|||||&#8221; button_icon=&#8221;&#x24;||divi||400&#8243; background_layout=&#8221;dark&#8221; custom_margin=&#8221;|||&#8221; custom_margin_tablet=&#8221;||70px|&#8221; custom_margin_phone=&#8221;||70px|&#8221; custom_margin_last_edited=&#8221;on|phone&#8221; custom_padding=&#8221;16px|40px|16px|40px|true|true&#8221; hover_enabled=&#8221;0&#8243; global_colors_info=&#8221;{}&#8221; sticky_enabled=&#8221;0&#8243;][\/et_pb_button][\/et_pb_column][et_pb_column type=&#8221;1_2&#8243; _builder_version=&#8221;4.16&#8243; custom_padding=&#8221;|||&#8221; global_colors_info=&#8221;{}&#8221; custom_padding__hover=&#8221;|||&#8221;][et_pb_image src=&#8221;https:\/\/almohardwood.com\/wp-content\/uploads\/2022\/01\/Bild-1.jpg&#8221; title_text=&#8221;Bild 1&#8243; align_tablet=&#8221;center&#8221; align_phone=&#8221;&#8221; align_last_edited=&#8221;on|desktop&#8221; _builder_version=&#8221;4.16&#8243; custom_margin=&#8221;||0px|&#8221; animation_style=&#8221;slide&#8221; animation_direction=&#8221;top&#8221; animation_intensity_slide=&#8221;2%&#8221; global_colors_info=&#8221;{}&#8221;][\/et_pb_image][et_pb_image src=&#8221;https:\/\/almohardwood.com\/wp-content\/uploads\/2021\/08\/gardener-01.png&#8221; align=&#8221;center&#8221; _builder_version=&#8221;4.16&#8243; use_background_color_gradient=&#8221;on&#8221; background_color_gradient_direction=&#8221;135deg&#8221; background_color_gradient_stops=&#8221;#556e00 0%|#8db700 100%&#8221; background_color_gradient_start=&#8221;#556e00&#8243; background_color_gradient_end=&#8221;#8db700&#8243; max_width=&#8221;146px&#8221; module_alignment=&#8221;right&#8221; always_center_on_mobile=&#8221;off&#8221; locked=&#8221;off&#8221; global_colors_info=&#8221;{}&#8221;][\/et_pb_image][\/et_pb_column][\/et_pb_row][et_pb_row column_structure=&#8221;1_2,1_2&#8243; _builder_version=&#8221;4.16&#8243; custom_padding=&#8221;27px|0px|75px|0px|false|false&#8221; locked=&#8221;off&#8221; global_colors_info=&#8221;{}&#8221;][et_pb_column type=&#8221;1_2&#8243; _builder_version=&#8221;4.16&#8243; custom_padding=&#8221;|||&#8221; global_colors_info=&#8221;{}&#8221; custom_padding__hover=&#8221;|||&#8221;][et_pb_text _builder_version=&#8221;4.16&#8243; text_font=&#8221;||||||||&#8221; text_font_size=&#8221;16px&#8221; text_line_height=&#8221;2em&#8221; header_font=&#8221;||||||||&#8221; header_3_font=&#8221;|700||on|||||&#8221; header_3_font_size=&#8221;20px&#8221; header_3_letter_spacing=&#8221;1px&#8221; header_3_line_height=&#8221;1.7em&#8221; text_font_size_tablet=&#8221;&#8221; text_font_size_phone=&#8221;14px&#8221; text_font_size_last_edited=&#8221;on|phone&#8221; global_colors_info=&#8221;{}&#8221;]<\/p>\n<h3>ALMO HARDWOOD AS, LATVIA<\/h3>\n<p>Almo Hardwood AS was established in the late 90s in Aluksne, in northeastern Latvia. This area has a good raw material base for processing of hardwood. Today, the business consists of a modern sawmill specializing in hardwood. We have a specially adapted saw line, a modern sorting line, kilns and a heating plant. We produce sawn\/planed wood, cut elements, planed components and edge glued panels. [\/et_pb_text][\/et_pb_column][et_pb_column type=&#8221;1_2&#8243; _builder_version=&#8221;4.16&#8243; custom_padding=&#8221;|||&#8221; global_colors_info=&#8221;{}&#8221; custom_padding__hover=&#8221;|||&#8221;][et_pb_image src=&#8221;https:\/\/almohardwood.com\/wp-content\/uploads\/2022\/01\/asc.jpg&#8221; title_text=&#8221;asc&#8221; align_tablet=&#8221;center&#8221; align_phone=&#8221;&#8221; align_last_edited=&#8221;on|desktop&#8221; _builder_version=&#8221;4.16&#8243; custom_margin=&#8221;||0px|&#8221; animation_style=&#8221;slide&#8221; animation_direction=&#8221;top&#8221; animation_intensity_slide=&#8221;2%&#8221; global_colors_info=&#8221;{}&#8221;][\/et_pb_image][\/et_pb_column][\/et_pb_row][et_pb_row column_structure=&#8221;1_3,1_3,1_3&#8243; _builder_version=&#8221;4.16&#8243; _module_preset=&#8221;default&#8221; global_colors_info=&#8221;{}&#8221;][et_pb_column type=&#8221;1_3&#8243; _builder_version=&#8221;4.16&#8243; _module_preset=&#8221;default&#8221; global_colors_info=&#8221;{}&#8221;][et_pb_image src=&#8221;https:\/\/almohardwood.com\/wp-content\/uploads\/2021\/11\/SL_4.jpg&#8221; title_text=&#8221;SL_4&#8243; show_in_lightbox=&#8221;on&#8221; _builder_version=&#8221;4.16&#8243; _module_preset=&#8221;default&#8221; global_colors_info=&#8221;{}&#8221;][\/et_pb_image][\/et_pb_column][et_pb_column type=&#8221;1_3&#8243; _builder_version=&#8221;4.16&#8243; _module_preset=&#8221;default&#8221; global_colors_info=&#8221;{}&#8221;][et_pb_image src=&#8221;https:\/\/almohardwood.com\/wp-content\/uploads\/2021\/11\/SL_3_kiln_view.jpg&#8221; title_text=&#8221;SL_3_kiln_view&#8221; show_in_lightbox=&#8221;on&#8221; _builder_version=&#8221;4.16&#8243; _module_preset=&#8221;default&#8221; global_colors_info=&#8221;{}&#8221;][\/et_pb_image][\/et_pb_column][et_pb_column type=&#8221;1_3&#8243; _builder_version=&#8221;4.16&#8243; _module_preset=&#8221;default&#8221; global_colors_info=&#8221;{}&#8221;][et_pb_image src=&#8221;https:\/\/almohardwood.com\/wp-content\/uploads\/2021\/11\/SL_5.jpg&#8221; title_text=&#8221;SL_5&#8243; show_in_lightbox=&#8221;on&#8221; _builder_version=&#8221;4.16&#8243; _module_preset=&#8221;default&#8221; global_colors_info=&#8221;{}&#8221;][\/et_pb_image][\/et_pb_column][\/et_pb_row][et_pb_row column_structure=&#8221;1_3,1_3,1_3&#8243; _builder_version=&#8221;4.16&#8243; _module_preset=&#8221;default&#8221; global_colors_info=&#8221;{}&#8221;][et_pb_column type=&#8221;1_3&#8243; _builder_version=&#8221;4.16&#8243; _module_preset=&#8221;default&#8221; global_colors_info=&#8221;{}&#8221;][et_pb_image src=&#8221;https:\/\/almohardwood.com\/wp-content\/uploads\/2021\/11\/Storage_2.jpg&#8221; title_text=&#8221;Storage_2&#8243; show_in_lightbox=&#8221;on&#8221; _builder_version=&#8221;4.16&#8243; _module_preset=&#8221;default&#8221; global_colors_info=&#8221;{}&#8221;][\/et_pb_image][\/et_pb_column][et_pb_column type=&#8221;1_3&#8243; _builder_version=&#8221;4.16&#8243; _module_preset=&#8221;default&#8221; global_colors_info=&#8221;{}&#8221;][et_pb_image src=&#8221;https:\/\/almohardwood.com\/wp-content\/uploads\/2021\/11\/Kiln_2.jpg&#8221; title_text=&#8221;Kiln_2&#8243; show_in_lightbox=&#8221;on&#8221; _builder_version=&#8221;4.16&#8243; _module_preset=&#8221;default&#8221; global_colors_info=&#8221;{}&#8221;][\/et_pb_image][\/et_pb_column][et_pb_column type=&#8221;1_3&#8243; _builder_version=&#8221;4.16&#8243; _module_preset=&#8221;default&#8221; global_colors_info=&#8221;{}&#8221;][et_pb_image src=&#8221;https:\/\/almohardwood.com\/wp-content\/uploads\/2021\/11\/Kiln_3.jpg&#8221; title_text=&#8221;Kiln_3&#8243; show_in_lightbox=&#8221;on&#8221; _builder_version=&#8221;4.16&#8243; _module_preset=&#8221;default&#8221; global_colors_info=&#8221;{}&#8221;][\/et_pb_image][\/et_pb_column][\/et_pb_row][\/et_pb_section]<\/p>\n","protected":false},"excerpt":{"rendered":"<p>CompanyALMO HARDWOOD AB, SWEDEN The company started in 1950 in the small town of \u00d6sterbymo, in southern \u00d6sterg\u00f6tland, by \u00c5ke Blom, the current owner\u2019s father. From the beginning, the name was Blom\u2019s Saw. In the 1960s, a focus of production on hardwood products began. Then in the form of unedged, sawn timber that was largely [&hellip;]<\/p>\n","protected":false},"author":1,"featured_media":0,"parent":0,"menu_order":0,"comment_status":"closed","ping_status":"closed","template":"","meta":{"_et_pb_use_builder":"on","_et_pb_old_content":"","_et_gb_content_width":"","footnotes":""},"class_list":["post-407","page","type-page","status-publish","hentry"],"yoast_head":"<!-- This site is optimized with the Yoast SEO plugin v27.5 - https:\/\/yoast.com\/product\/yoast-seo-wordpress\/ -->\n<title>Company - Almo Hardwood AB<\/title>\n<meta name=\"robots\" content=\"index, follow, max-snippet:-1, max-image-preview:large, max-video-preview:-1\" \/>\n<link rel=\"canonical\" href=\"https:\/\/almohardwood.com\/en\/company\/\" \/>\n<meta property=\"og:locale\" content=\"en_US\" \/>\n<meta property=\"og:type\" content=\"article\" \/>\n<meta property=\"og:title\" content=\"Company - Almo Hardwood AB\" \/>\n<meta property=\"og:description\" content=\"CompanyALMO HARDWOOD AB, SWEDEN The company started in 1950 in the small town of \u00d6sterbymo, in southern \u00d6sterg\u00f6tland, by \u00c5ke Blom, the current owner\u2019s father. From the beginning, the name was Blom\u2019s Saw. In the 1960s, a focus of production on hardwood products began. Then in the form of unedged, sawn timber that was largely [&hellip;]\" \/>\n<meta property=\"og:url\" content=\"https:\/\/almohardwood.com\/en\/company\/\" \/>\n<meta property=\"og:site_name\" content=\"Almo Hardwood AB\" \/>\n<meta property=\"article:modified_time\" content=\"2024-03-04T07:22:13+00:00\" \/>\n<meta name=\"twitter:card\" content=\"summary_large_image\" \/>\n<meta name=\"twitter:label1\" content=\"Est. reading time\" \/>\n\t<meta name=\"twitter:data1\" content=\"6 minutes\" \/>\n<script type=\"application\/ld+json\" class=\"yoast-schema-graph\">{\"@context\":\"https:\\\/\\\/schema.org\",\"@graph\":[{\"@type\":\"WebPage\",\"@id\":\"https:\\\/\\\/almohardwood.com\\\/en\\\/company\\\/\",\"url\":\"https:\\\/\\\/almohardwood.com\\\/en\\\/company\\\/\",\"name\":\"Company - Almo Hardwood AB\",\"isPartOf\":{\"@id\":\"https:\\\/\\\/almohardwood.com\\\/#website\"},\"datePublished\":\"2021-11-15T13:19:37+00:00\",\"dateModified\":\"2024-03-04T07:22:13+00:00\",\"breadcrumb\":{\"@id\":\"https:\\\/\\\/almohardwood.com\\\/en\\\/company\\\/#breadcrumb\"},\"inLanguage\":\"en-US\",\"potentialAction\":[{\"@type\":\"ReadAction\",\"target\":[\"https:\\\/\\\/almohardwood.com\\\/en\\\/company\\\/\"]}]},{\"@type\":\"BreadcrumbList\",\"@id\":\"https:\\\/\\\/almohardwood.com\\\/en\\\/company\\\/#breadcrumb\",\"itemListElement\":[{\"@type\":\"ListItem\",\"position\":1,\"name\":\"Hem\",\"item\":\"https:\\\/\\\/almohardwood.com\\\/en\\\/home\\\/\"},{\"@type\":\"ListItem\",\"position\":2,\"name\":\"Company\"}]},{\"@type\":\"WebSite\",\"@id\":\"https:\\\/\\\/almohardwood.com\\\/#website\",\"url\":\"https:\\\/\\\/almohardwood.com\\\/\",\"name\":\"Almo Hardwood AB\",\"description\":\"\",\"publisher\":{\"@id\":\"https:\\\/\\\/almohardwood.com\\\/#organization\"},\"potentialAction\":[{\"@type\":\"SearchAction\",\"target\":{\"@type\":\"EntryPoint\",\"urlTemplate\":\"https:\\\/\\\/almohardwood.com\\\/?s={search_term_string}\"},\"query-input\":{\"@type\":\"PropertyValueSpecification\",\"valueRequired\":true,\"valueName\":\"search_term_string\"}}],\"inLanguage\":\"en-US\"},{\"@type\":\"Organization\",\"@id\":\"https:\\\/\\\/almohardwood.com\\\/#organization\",\"name\":\"Almo Hardwood\",\"url\":\"https:\\\/\\\/almohardwood.com\\\/\",\"logo\":{\"@type\":\"ImageObject\",\"inLanguage\":\"en-US\",\"@id\":\"https:\\\/\\\/almohardwood.com\\\/#\\\/schema\\\/logo\\\/image\\\/\",\"url\":\"https:\\\/\\\/almohardwood.com\\\/wp-content\\\/uploads\\\/2021\\\/08\\\/almo-logo.png\",\"contentUrl\":\"https:\\\/\\\/almohardwood.com\\\/wp-content\\\/uploads\\\/2021\\\/08\\\/almo-logo.png\",\"width\":259,\"height\":112,\"caption\":\"Almo Hardwood\"},\"image\":{\"@id\":\"https:\\\/\\\/almohardwood.com\\\/#\\\/schema\\\/logo\\\/image\\\/\"}}]}<\/script>\n<!-- \/ Yoast SEO plugin. -->","yoast_head_json":{"title":"Company - Almo Hardwood AB","robots":{"index":"index","follow":"follow","max-snippet":"max-snippet:-1","max-image-preview":"max-image-preview:large","max-video-preview":"max-video-preview:-1"},"canonical":"https:\/\/almohardwood.com\/en\/company\/","og_locale":"en_US","og_type":"article","og_title":"Company - Almo Hardwood AB","og_description":"CompanyALMO HARDWOOD AB, SWEDEN The company started in 1950 in the small town of \u00d6sterbymo, in southern \u00d6sterg\u00f6tland, by \u00c5ke Blom, the current owner\u2019s father. From the beginning, the name was Blom\u2019s Saw. In the 1960s, a focus of production on hardwood products began. Then in the form of unedged, sawn timber that was largely [&hellip;]","og_url":"https:\/\/almohardwood.com\/en\/company\/","og_site_name":"Almo Hardwood AB","article_modified_time":"2024-03-04T07:22:13+00:00","twitter_card":"summary_large_image","twitter_misc":{"Est. reading time":"6 minutes"},"schema":{"@context":"https:\/\/schema.org","@graph":[{"@type":"WebPage","@id":"https:\/\/almohardwood.com\/en\/company\/","url":"https:\/\/almohardwood.com\/en\/company\/","name":"Company - Almo Hardwood AB","isPartOf":{"@id":"https:\/\/almohardwood.com\/#website"},"datePublished":"2021-11-15T13:19:37+00:00","dateModified":"2024-03-04T07:22:13+00:00","breadcrumb":{"@id":"https:\/\/almohardwood.com\/en\/company\/#breadcrumb"},"inLanguage":"en-US","potentialAction":[{"@type":"ReadAction","target":["https:\/\/almohardwood.com\/en\/company\/"]}]},{"@type":"BreadcrumbList","@id":"https:\/\/almohardwood.com\/en\/company\/#breadcrumb","itemListElement":[{"@type":"ListItem","position":1,"name":"Hem","item":"https:\/\/almohardwood.com\/en\/home\/"},{"@type":"ListItem","position":2,"name":"Company"}]},{"@type":"WebSite","@id":"https:\/\/almohardwood.com\/#website","url":"https:\/\/almohardwood.com\/","name":"Almo Hardwood AB","description":"","publisher":{"@id":"https:\/\/almohardwood.com\/#organization"},"potentialAction":[{"@type":"SearchAction","target":{"@type":"EntryPoint","urlTemplate":"https:\/\/almohardwood.com\/?s={search_term_string}"},"query-input":{"@type":"PropertyValueSpecification","valueRequired":true,"valueName":"search_term_string"}}],"inLanguage":"en-US"},{"@type":"Organization","@id":"https:\/\/almohardwood.com\/#organization","name":"Almo Hardwood","url":"https:\/\/almohardwood.com\/","logo":{"@type":"ImageObject","inLanguage":"en-US","@id":"https:\/\/almohardwood.com\/#\/schema\/logo\/image\/","url":"https:\/\/almohardwood.com\/wp-content\/uploads\/2021\/08\/almo-logo.png","contentUrl":"https:\/\/almohardwood.com\/wp-content\/uploads\/2021\/08\/almo-logo.png","width":259,"height":112,"caption":"Almo Hardwood"},"image":{"@id":"https:\/\/almohardwood.com\/#\/schema\/logo\/image\/"}}]}},"_links":{"self":[{"href":"https:\/\/almohardwood.com\/en\/wp-json\/wp\/v2\/pages\/407","targetHints":{"allow":["GET"]}}],"collection":[{"href":"https:\/\/almohardwood.com\/en\/wp-json\/wp\/v2\/pages"}],"about":[{"href":"https:\/\/almohardwood.com\/en\/wp-json\/wp\/v2\/types\/page"}],"author":[{"embeddable":true,"href":"https:\/\/almohardwood.com\/en\/wp-json\/wp\/v2\/users\/1"}],"replies":[{"embeddable":true,"href":"https:\/\/almohardwood.com\/en\/wp-json\/wp\/v2\/comments?post=407"}],"version-history":[{"count":15,"href":"https:\/\/almohardwood.com\/en\/wp-json\/wp\/v2\/pages\/407\/revisions"}],"predecessor-version":[{"id":655,"href":"https:\/\/almohardwood.com\/en\/wp-json\/wp\/v2\/pages\/407\/revisions\/655"}],"wp:attachment":[{"href":"https:\/\/almohardwood.com\/en\/wp-json\/wp\/v2\/media?parent=407"}],"curies":[{"name":"wp","href":"https:\/\/api.w.org\/{rel}","templated":true}]}}